{"id":209,"date":"2023-06-26T17:08:50","date_gmt":"2023-06-26T15:08:50","guid":{"rendered":"https:\/\/fratelzon.myskydoowebsite.com\/?page_id=209"},"modified":"2024-06-11T10:16:44","modified_gmt":"2024-06-11T08:16:44","slug":"a-propos","status":"publish","type":"page","link":"https:\/\/fratelzon.com\/nl\/a-propos\/","title":{"rendered":"Over ons"},"content":{"rendered":"<div data-elementor-type=\"wp-page\" data-elementor-id=\"209\" class=\"elementor elementor-209\" data-elementor-post-type=\"page\">\n\t\t\t\t<div class=\"elementor-element elementor-element-ad87986 e-flex e-con-boxed e-con e-parent\" data-id=\"ad87986\" data-element_type=\"container\" data-e-type=\"container\">\n\t\t\t\t\t<div class=\"e-con-inner\">\n\t\t\t\t<div class=\"elementor-element elementor-element-457cbd0 elementor-invisible elementor-widget elementor-widget-heading\" data-id=\"457cbd0\" data-element_type=\"widget\" data-e-type=\"widget\" data-settings=\"{&quot;_animation&quot;:&quot;fadeInLeft&quot;}\" data-widget_type=\"heading.default\">\n\t\t\t\t<div class=\"elementor-widget-container\">\n\t\t\t\t\t<h2 class=\"elementor-heading-title elementor-size-default\">VZW Fratelzon<\/h2>\t\t\t\t<\/div>\n\t\t\t\t<\/div>\n\t\t\t\t<div class=\"elementor-element elementor-element-820214d elementor-invisible elementor-widget elementor-widget-heading\" data-id=\"820214d\" data-element_type=\"widget\" data-e-type=\"widget\" data-settings=\"{&quot;_animation&quot;:&quot;fadeInLeft&quot;}\" data-widget_type=\"heading.default\">\n\t\t\t\t<div class=\"elementor-widget-container\">\n\t\t\t\t\t<p class=\"elementor-heading-title elementor-size-default\">Dompel jezelf onder in de wereldcultuur<\/p>\t\t\t\t<\/div>\n\t\t\t\t<\/div>\n\t\t\t\t<div class=\"elementor-element elementor-element-fc91c07 elementor-invisible elementor-widget elementor-widget-text-editor\" data-id=\"fc91c07\" data-element_type=\"widget\" data-e-type=\"widget\" data-settings=\"{&quot;_animation&quot;:&quot;fadeInLeft&quot;}\" data-widget_type=\"text-editor.default\">\n\t\t\t\t<div class=\"elementor-widget-container\">\n\t\t\t\t\t\t\t\t\t<p>De vzw FRATELZON bezorgt u graag de perfecte reis in Griekenland , Itali\u00eb , Spanje , Parijs , Londen , Trier \u2026\u2026. Dit alles omkaderd door een grote groep vrijwilligers<\/p><p>\u00a0<\/p><ul><li>Fratelzon werd gesticht in 1949<\/li><li>Meer dan 70 jaar ervaring voor scholen<\/li><li>Met enthousiaste vrijwilligers ter plaatse in Itali\u00eb \nen Griekenland<\/li><li>Bezoek aan Europese cultuursteden<\/li><\/ul>\t\t\t\t\t\t\t\t<\/div>\n\t\t\t\t<\/div>\n\t\t\t\t\t<\/div>\n\t\t\t\t<\/div>\n\t\t<div class=\"elementor-element elementor-element-36dca48 e-flex e-con-boxed e-con e-parent\" data-id=\"36dca48\" data-element_type=\"container\" data-e-type=\"container\" data-settings=\"{&quot;background_background&quot;:&quot;classic&quot;}\">\n\t\t\t\t\t<div class=\"e-con-inner\">\n\t\t\t\t<div class=\"elementor-element elementor-element-addcde4 elementor-invisible elementor-widget elementor-widget-heading\" data-id=\"addcde4\" data-element_type=\"widget\" data-e-type=\"widget\" data-settings=\"{&quot;_animation&quot;:&quot;fadeInLeft&quot;}\" data-widget_type=\"heading.default\">\n\t\t\t\t<div class=\"elementor-widget-container\">\n\t\t\t\t\t<h2 class=\"elementor-heading-title elementor-size-default\">Ge\u00efnteresseerd?<\/h2>\t\t\t\t<\/div>\n\t\t\t\t<\/div>\n\t\t\t\t<div class=\"elementor-element elementor-element-078f093 elementor-invisible elementor-widget elementor-widget-heading\" data-id=\"078f093\" data-element_type=\"widget\" data-e-type=\"widget\" data-settings=\"{&quot;_animation&quot;:&quot;fadeInLeft&quot;}\" data-widget_type=\"heading.default\">\n\t\t\t\t<div class=\"elementor-widget-container\">\n\t\t\t\t\t<p class=\"elementor-heading-title elementor-size-default\">Neem contact met ons op en laten we op avontuur gaan!<\/p>\t\t\t\t<\/div>\n\t\t\t\t<\/div>\n\t\t\t\t<div class=\"elementor-element elementor-element-fef7cb1 elementor-invisible elementor-widget elementor-widget-button\" data-id=\"fef7cb1\" data-element_type=\"widget\" data-e-type=\"widget\" data-settings=\"{&quot;_animation&quot;:&quot;fadeInLeft&quot;}\" data-widget_type=\"button.default\">\n\t\t\t\t<div class=\"elementor-widget-container\">\n\t\t\t\t\t\t\t\t\t<div class=\"elementor-button-wrapper\">\n\t\t\t\t\t<a class=\"elementor-button elementor-button-link elementor-size-sm elementor-animation-shrink\" href=\"https:\/\/fratelzon.com\/nl\/contact\/\">\n\t\t\t\t\t\t<span class=\"elementor-button-content-wrapper\">\n\t\t\t\t\t\t\t\t\t<span class=\"elementor-button-text\">Neem contact met ons op<\/span>\n\t\t\t\t\t<\/span>\n\t\t\t\t\t<\/a>\n\t\t\t\t<\/div>\n\t\t\t\t\t\t\t\t<\/div>\n\t\t\t\t<\/div>\n\t\t\t\t\t<\/div>\n\t\t\t\t<\/div>\n\t\t<div class=\"elementor-element elementor-element-3c4a78f e-flex e-con-boxed e-con e-parent\" data-id=\"3c4a78f\" data-element_type=\"container\" data-e-type=\"container\">\n\t\t\t\t\t<div class=\"e-con-inner\">\n\t\t\t\t<div class=\"elementor-element elementor-element-1f6c0c8 elementor-invisible elementor-widget elementor-widget-heading\" data-id=\"1f6c0c8\" data-element_type=\"widget\" data-e-type=\"widget\" data-settings=\"{&quot;_animation&quot;:&quot;fadeInLeft&quot;}\" data-widget_type=\"heading.default\">\n\t\t\t\t<div class=\"elementor-widget-container\">\n\t\t\t\t\t<h2 class=\"elementor-heading-title elementor-size-default\">Samen cultuur ontdekken<\/h2>\t\t\t\t<\/div>\n\t\t\t\t<\/div>\n\t\t\t\t<div class=\"elementor-element elementor-element-96477f6 elementor-invisible elementor-widget elementor-widget-heading\" data-id=\"96477f6\" data-element_type=\"widget\" data-e-type=\"widget\" data-settings=\"{&quot;_animation&quot;:&quot;fadeInLeft&quot;}\" data-widget_type=\"heading.default\">\n\t\t\t\t<div class=\"elementor-widget-container\">\n\t\t\t\t\t<p class=\"elementor-heading-title elementor-size-default\">Ga op avontuur met Fratelzon!<\/p>\t\t\t\t<\/div>\n\t\t\t\t<\/div>\n\t\t\t\t<div class=\"elementor-element elementor-element-e63a6ad elementor-invisible elementor-widget elementor-widget-text-editor\" data-id=\"e63a6ad\" data-element_type=\"widget\" data-e-type=\"widget\" data-settings=\"{&quot;_animation&quot;:&quot;fadeInLeft&quot;}\" data-widget_type=\"text-editor.default\">\n\t\t\t\t<div class=\"elementor-widget-container\">\n\t\t\t\t\t\t\t\t\t<p>Cultuur leer je niet alleen uit boeken. Cultuur ervaar je. Bij Fratelzon ontdek je cultuur op je eigen manier. Met een hechte groep. Je kijkt, je ruikt, je leert van alles om je heen en je leert van elkaar. Cultuur en plezier gaan hand in hand. Beleef het met Fratelzon!<\/p>\t\t\t\t\t\t\t\t<\/div>\n\t\t\t\t<\/div>\n\t\t\t\t<div class=\"elementor-element elementor-element-a30cfdc elementor-invisible elementor-widget elementor-widget-heading\" data-id=\"a30cfdc\" data-element_type=\"widget\" data-e-type=\"widget\" data-settings=\"{&quot;_animation&quot;:&quot;fadeInLeft&quot;}\" data-widget_type=\"heading.default\">\n\t\t\t\t<div class=\"elementor-widget-container\">\n\t\t\t\t\t<p class=\"elementor-heading-title elementor-size-default\">Op maat gemaakt voor elk budget<\/p>\t\t\t\t<\/div>\n\t\t\t\t<\/div>\n\t\t\t\t<div class=\"elementor-element elementor-element-0bb371c elementor-invisible elementor-widget elementor-widget-text-editor\" data-id=\"0bb371c\" data-element_type=\"widget\" data-e-type=\"widget\" data-settings=\"{&quot;_animation&quot;:&quot;fadeInLeft&quot;}\" data-widget_type=\"text-editor.default\">\n\t\t\t\t<div class=\"elementor-widget-container\">\n\t\t\t\t\t\t\t\t\t<p>We stellen graag de perfecte reis voor je groep samen, zelfs als het budget beperkt is. We balanceren het vaste programma met de vrijheid om op eigen houtje te ontdekken. Samen bepalen we de ingredi\u00ebnten die de groep verrijken met een fantastische ervaring. Zorgeloos en helemaal op maat.<\/p>\t\t\t\t\t\t\t\t<\/div>\n\t\t\t\t<\/div>\n\t\t\t\t\t<\/div>\n\t\t\t\t<\/div>\n\t\t\t\t<\/div>","protected":false},"excerpt":{"rendered":"<p>ASBL Fratelzon Immergez-vous dans la Culture du Monde L&rsquo;ASBL FRATELZON vous propose le voyage culturel parfait en Gr\u00e8ce , en Italie en Espagne , \u00e0 Paris , \u00e0 Londres , \u00e0 Tr\u00e8ves \u2026\u2026\u2026 Tout cela en compagnie d\u2019un grand groupe de b\u00e9n\u00e9voles Fratelzon a \u00e9t\u00e9 fond\u00e9 en 1949 et organise depuis plus de 70 ans [&hellip;]<\/p>\n","protected":false},"author":1,"featured_media":0,"parent":0,"menu_order":0,"comment_status":"closed","ping_status":"closed","template":"","meta":{"footnotes":""},"class_list":["post-209","page","type-page","status-publish","hentry"],"_links":{"self":[{"href":"https:\/\/fratelzon.com\/nl\/wp-json\/wp\/v2\/pages\/209","targetHints":{"allow":["GET"]}}],"collection":[{"href":"https:\/\/fratelzon.com\/nl\/wp-json\/wp\/v2\/pages"}],"about":[{"href":"https:\/\/fratelzon.com\/nl\/wp-json\/wp\/v2\/types\/page"}],"author":[{"embeddable":true,"href":"https:\/\/fratelzon.com\/nl\/wp-json\/wp\/v2\/users\/1"}],"replies":[{"embeddable":true,"href":"https:\/\/fratelzon.com\/nl\/wp-json\/wp\/v2\/comments?post=209"}],"version-history":[{"count":2,"href":"https:\/\/fratelzon.com\/nl\/wp-json\/wp\/v2\/pages\/209\/revisions"}],"predecessor-version":[{"id":756,"href":"https:\/\/fratelzon.com\/nl\/wp-json\/wp\/v2\/pages\/209\/revisions\/756"}],"wp:attachment":[{"href":"https:\/\/fratelzon.com\/nl\/wp-json\/wp\/v2\/media?parent=209"}],"curies":[{"name":"wp","href":"https:\/\/api.w.org\/{rel}","templated":true}]}}